{"id":1020,"date":"2025-02-02T13:00:23","date_gmt":"2025-02-02T13:00:23","guid":{"rendered":"https:\/\/na-niss.com\/?post_type=product&#038;p=1020"},"modified":"2025-02-08T18:53:15","modified_gmt":"2025-02-08T18:53:15","slug":"abaya-dounia","status":"publish","type":"product","link":"https:\/\/na-niss.com\/en\/product\/abaya-dounia","title":{"rendered":"Abaya Dounia"},"content":{"rendered":"<p>Chaque mod\u00e8le est fait \u00e0 la main par plusieurs artisans. Chaque abaya est unique et des petites diff\u00e9rences peuvent \u00eatre constat\u00e9es d&#8217;une pi\u00e8ce \u00e0 l&#8217;autre.<\/p>\n<ul>\n<li>Abaya en cr\u00eape de soie blanche<\/li>\n<li>Manches en tlija rouge, bleu et reflets dor\u00e9s\/argent\u00e9s<\/li>\n<li>Aaqad blancs et bleus<\/li>\n<li>Sfifa blanc et bleu<\/li>\n<li>Ceinture blanche<\/li>\n<li>Pas de doublure<\/li>\n<\/ul>\n<p>&nbsp;<\/p>","protected":false},"excerpt":{"rendered":"<p><em>*dont 5\u20ac revers\u00e9s \u00e0 l&#8217;association Human Appeal<\/em><\/p>\n<p><strong>Abaya blanche et manches en tlija avec ceinture<\/strong><\/p>\n<p>(Prix de lancement)<\/p>","protected":false},"featured_media":1021,"comment_status":"closed","ping_status":"closed","template":"","meta":[],"product_cat":[18],"product_tag":[],"class_list":{"0":"post-1020","1":"product","2":"type-product","3":"status-publish","4":"has-post-thumbnail","5":"hentry","6":"product_cat-abaya","8":"entry","9":"has-media","10":"owp-thumbs-layout-horizontal","11":"owp-btn-big","12":"owp-tabs-layout-horizontal","13":"has-product-nav"},"_links":{"self":[{"href":"https:\/\/na-niss.com\/en\/wp-json\/wp\/v2\/product\/1020","targetHints":{"allow":["GET"]}}],"collection":[{"href":"https:\/\/na-niss.com\/en\/wp-json\/wp\/v2\/product"}],"about":[{"href":"https:\/\/na-niss.com\/en\/wp-json\/wp\/v2\/types\/product"}],"replies":[{"embeddable":true,"href":"https:\/\/na-niss.com\/en\/wp-json\/wp\/v2\/comments?post=1020"}],"wp:featuredmedia":[{"embeddable":true,"href":"https:\/\/na-niss.com\/en\/wp-json\/wp\/v2\/media\/1021"}],"wp:attachment":[{"href":"https:\/\/na-niss.com\/en\/wp-json\/wp\/v2\/media?parent=1020"}],"wp:term":[{"taxonomy":"product_cat","embeddable":true,"href":"https:\/\/na-niss.com\/en\/wp-json\/wp\/v2\/product_cat?post=1020"},{"taxonomy":"product_tag","embeddable":true,"href":"https:\/\/na-niss.com\/en\/wp-json\/wp\/v2\/product_tag?post=1020"}],"curies":[{"name":"wp","href":"https:\/\/api.w.org\/{rel}","templated":true}]}}