{"id":476,"date":"2023-12-13T11:03:57","date_gmt":"2023-12-13T11:03:57","guid":{"rendered":"https:\/\/na-niss.com\/?page_id=476"},"modified":"2025-01-30T14:27:39","modified_gmt":"2025-01-30T14:27:39","slug":"a-propos-2","status":"publish","type":"page","link":"https:\/\/na-niss.com\/en\/a-propos-2","title":{"rendered":"About"},"content":{"rendered":"<div data-elementor-type=\"wp-page\" data-elementor-id=\"476\" class=\"elementor elementor-476\">\n\t\t\t\t\t\t\t<div class=\"elementor-element elementor-element-d398ec8 e-con-full e-flex e-con e-parent\" data-id=\"d398ec8\" data-element_type=\"container\" data-settings=\"{&quot;background_background&quot;:&quot;classic&quot;,&quot;content_width&quot;:&quot;full&quot;}\" data-core-v316-plus=\"true\">\n\t\t<div class=\"elementor-element elementor-element-7a777a7 e-con-full e-flex e-con e-child\" data-id=\"7a777a7\" data-element_type=\"container\" data-settings=\"{&quot;content_width&quot;:&quot;full&quot;}\">\n\t\t\t\t<div class=\"elementor-element elementor-element-5e6cffe elementor-widget elementor-widget-image\" data-id=\"5e6cffe\" data-element_type=\"widget\" data-widget_type=\"image.default\">\n\t\t\t\t<div class=\"elementor-widget-container\">\n\t\t\t<style>\/*! elementor - v3.17.0 - 08-11-2023 *\/\n.elementor-widget-image{text-align:center}.elementor-widget-image a{display:inline-block}.elementor-widget-image a img[src$=\".svg\"]{width:48px}.elementor-widget-image img{vertical-align:middle;display:inline-block}<\/style>\t\t\t\t\t\t\t\t\t\t\t\t<img fetchpriority=\"high\" decoding=\"async\" width=\"768\" height=\"884\" src=\"https:\/\/na-niss.com\/wp-content\/uploads\/2025\/01\/IMG_1792-1-768x884.jpg\" class=\"attachment-medium_large size-medium_large wp-image-832\" alt=\"\" srcset=\"https:\/\/na-niss.com\/wp-content\/uploads\/2025\/01\/IMG_1792-1-768x884.jpg 768w, https:\/\/na-niss.com\/wp-content\/uploads\/2025\/01\/IMG_1792-1-261x300.jpg 261w, https:\/\/na-niss.com\/wp-content\/uploads\/2025\/01\/IMG_1792-1-890x1024.jpg 890w, https:\/\/na-niss.com\/wp-content\/uploads\/2025\/01\/IMG_1792-1-1335x1536.jpg 1335w, https:\/\/na-niss.com\/wp-content\/uploads\/2025\/01\/IMG_1792-1-1780x2048.jpg 1780w, https:\/\/na-niss.com\/wp-content\/uploads\/2025\/01\/IMG_1792-1-10x12.jpg 10w, https:\/\/na-niss.com\/wp-content\/uploads\/2025\/01\/IMG_1792-1-300x345.jpg 300w, https:\/\/na-niss.com\/wp-content\/uploads\/2025\/01\/IMG_1792-1-600x690.jpg 600w\" sizes=\"(max-width: 768px) 100vw, 768px\" \/>\t\t\t\t\t\t\t\t\t\t\t\t\t\t\t<\/div>\n\t\t\t\t<\/div>\n\t\t\t\t<\/div>\n\t\t<div class=\"elementor-element elementor-element-5a15def e-con-full e-flex e-con e-child\" data-id=\"5a15def\" data-element_type=\"container\" data-settings=\"{&quot;content_width&quot;:&quot;full&quot;}\">\n\t\t\t\t<div class=\"elementor-element elementor-element-1161222 elementor-widget elementor-widget-heading\" data-id=\"1161222\" data-element_type=\"widget\" data-widget_type=\"heading.default\">\n\t\t\t\t<div class=\"elementor-widget-container\">\n\t\t\t<style>\/*! elementor - v3.17.0 - 08-11-2023 *\/\n.elementor-heading-title{padding:0;margin:0;line-height:1}.elementor-widget-heading .elementor-heading-title[class*=elementor-size-]>a{color:inherit;font-size:inherit;line-height:inherit}.elementor-widget-heading .elementor-heading-title.elementor-size-small{font-size:15px}.elementor-widget-heading .elementor-heading-title.elementor-size-medium{font-size:19px}.elementor-widget-heading .elementor-heading-title.elementor-size-large{font-size:29px}.elementor-widget-heading .elementor-heading-title.elementor-size-xl{font-size:39px}.elementor-widget-heading .elementor-heading-title.elementor-size-xxl{font-size:59px}<\/style><h2 class=\"elementor-heading-title elementor-size-default\">Qui sommes nous?<br><br><\/h2>\t\t<\/div>\n\t\t\t\t<\/div>\n\t\t\t\t<div class=\"elementor-element elementor-element-e906af4 elementor-widget elementor-widget-text-editor\" data-id=\"e906af4\" data-element_type=\"widget\" data-widget_type=\"text-editor.default\">\n\t\t\t\t<div class=\"elementor-widget-container\">\n\t\t\t<style>\/*! elementor - v3.17.0 - 08-11-2023 *\/\n.elementor-widget-text-editor.elementor-drop-cap-view-stacked .elementor-drop-cap{background-color:#69727d;color:#fff}.elementor-widget-text-editor.elementor-drop-cap-view-framed .elementor-drop-cap{color:#69727d;border:3px solid;background-color:transparent}.elementor-widget-text-editor:not(.elementor-drop-cap-view-default) .elementor-drop-cap{margin-top:8px}.elementor-widget-text-editor:not(.elementor-drop-cap-view-default) .elementor-drop-cap-letter{width:1em;height:1em}.elementor-widget-text-editor .elementor-drop-cap{float:left;text-align:center;line-height:1;font-size:50px}.elementor-widget-text-editor .elementor-drop-cap-letter{display:inline-block}<\/style>\t\t\t\t<div dir=\"ltr\"><p>We are two sisters, passionated about fashion and proud of our Moroccan roots. Inspired by the richness of our country's craftsmanship, we wanted to create an abaya brand that celebrates women by blending tradition and modernity. Above all, we aimed to offer a variety of designs that can adapt to all styles and occasions.<\/p><p>Nos abayas peuvent \u00eatre port\u00e9es au quotidien ou sublim\u00e9es pour des \u00e9v\u00e9nements, selon la mani\u00e8re dont elles sont accessoiris\u00e9es. Pens\u00e9es pour aller \u00e0 toutes les femmes, quelque soit leur \u00e2ges, leur origines ou leur morphologies, nos cr\u00e9ations s&#8217;adaptent \u00e0 toutes et r\u00e9v\u00e8lent la beaut\u00e9 de chacune.<\/p><\/div>\t\t\t\t\t\t<\/div>\n\t\t\t\t<\/div>\n\t\t\t\t<\/div>\n\t\t\t\t<\/div>\n\t\t<div class=\"elementor-element elementor-element-7ba0177b e-con-full e-flex e-con e-parent\" data-id=\"7ba0177b\" data-element_type=\"container\" data-settings=\"{&quot;background_background&quot;:&quot;classic&quot;,&quot;content_width&quot;:&quot;full&quot;}\" data-core-v316-plus=\"true\">\n\t\t<div class=\"elementor-element elementor-element-64e7b35a e-con-full e-flex e-con e-child\" data-id=\"64e7b35a\" data-element_type=\"container\" data-settings=\"{&quot;content_width&quot;:&quot;full&quot;}\">\n\t\t\t\t<div class=\"elementor-element elementor-element-766bd1ce elementor-widget elementor-widget-heading\" data-id=\"766bd1ce\" data-element_type=\"widget\" data-widget_type=\"heading.default\">\n\t\t\t\t<div class=\"elementor-widget-container\">\n\t\t\t<h2 class=\"elementor-heading-title elementor-size-default\">Where are our abayas from?\n<br><br><\/h2>\t\t<\/div>\n\t\t\t\t<\/div>\n\t\t\t\t<div class=\"elementor-element elementor-element-1d54e1e1 elementor-widget elementor-widget-text-editor\" data-id=\"1d54e1e1\" data-element_type=\"widget\" data-widget_type=\"text-editor.default\">\n\t\t\t\t<div class=\"elementor-widget-container\">\n\t\t\t\t\t\t\t<div dir=\"ltr\">\n<p><span style=\"font-size: 16px; letter-spacing: 0px; word-spacing: 0em;\">Our designs are made in the city of Agadir. Each abaya is the result of meticulous craftsmanship, with every detail passing through the hands of skilled artisans before moving on to the next.&nbsp;<\/span><span style=\"font-size: 16px; letter-spacing: 0px; word-spacing: 0em;\">It all starts with a roll of fabric and a simple silk thread, woven with precision before being passed on to other master artisans\u2014cutting, embroidery, ornaments... Each step is carried out with unique expertise, passed down from generation to generation.<\/span><\/p>\n<\/div>\t\t\t\t\t\t<\/div>\n\t\t\t\t<\/div>\n\t\t\t\t<\/div>\n\t\t<div class=\"elementor-element elementor-element-12e466ab e-con-full e-flex e-con e-child\" data-id=\"12e466ab\" data-element_type=\"container\" data-settings=\"{&quot;content_width&quot;:&quot;full&quot;}\">\n\t\t\t\t<div class=\"elementor-element elementor-element-2dd4c173 elementor-widget elementor-widget-image\" data-id=\"2dd4c173\" data-element_type=\"widget\" data-widget_type=\"image.default\">\n\t\t\t\t<div class=\"elementor-widget-container\">\n\t\t\t\t\t\t\t\t\t\t\t\t\t\t\t<img decoding=\"async\" width=\"768\" height=\"813\" src=\"https:\/\/na-niss.com\/wp-content\/uploads\/2025\/01\/Agadir-11-x-11-cm-768x813.png\" class=\"attachment-medium_large size-medium_large wp-image-825\" alt=\"\" srcset=\"https:\/\/na-niss.com\/wp-content\/uploads\/2025\/01\/Agadir-11-x-11-cm-768x813.png 768w, https:\/\/na-niss.com\/wp-content\/uploads\/2025\/01\/Agadir-11-x-11-cm-283x300.png 283w, https:\/\/na-niss.com\/wp-content\/uploads\/2025\/01\/Agadir-11-x-11-cm-11x12.png 11w, https:\/\/na-niss.com\/wp-content\/uploads\/2025\/01\/Agadir-11-x-11-cm-300x318.png 300w, https:\/\/na-niss.com\/wp-content\/uploads\/2025\/01\/Agadir-11-x-11-cm-600x635.png 600w, https:\/\/na-niss.com\/wp-content\/uploads\/2025\/01\/Agadir-11-x-11-cm.png 952w\" sizes=\"(max-width: 768px) 100vw, 768px\" \/>\t\t\t\t\t\t\t\t\t\t\t\t\t\t\t<\/div>\n\t\t\t\t<\/div>\n\t\t\t\t<\/div>\n\t\t\t\t<\/div>\n\t\t<div class=\"elementor-element elementor-element-15b146b e-con-full e-flex e-con e-parent\" data-id=\"15b146b\" data-element_type=\"container\" data-settings=\"{&quot;background_background&quot;:&quot;classic&quot;,&quot;content_width&quot;:&quot;full&quot;}\" data-core-v316-plus=\"true\">\n\t\t<div class=\"elementor-element elementor-element-7006698 e-con-full e-flex e-con e-child\" data-id=\"7006698\" data-element_type=\"container\" data-settings=\"{&quot;content_width&quot;:&quot;full&quot;}\">\n\t\t\t\t<div class=\"elementor-element elementor-element-106276d elementor-widget elementor-widget-image\" data-id=\"106276d\" data-element_type=\"widget\" data-widget_type=\"image.default\">\n\t\t\t\t<div class=\"elementor-widget-container\">\n\t\t\t\t\t\t\t\t\t\t\t\t\t\t\t<img decoding=\"async\" width=\"768\" height=\"379\" src=\"https:\/\/na-niss.com\/wp-content\/uploads\/2025\/01\/ENFANTS-768x379.png\" class=\"attachment-medium_large size-medium_large wp-image-830\" alt=\"\" srcset=\"https:\/\/na-niss.com\/wp-content\/uploads\/2025\/01\/ENFANTS-768x379.png 768w, https:\/\/na-niss.com\/wp-content\/uploads\/2025\/01\/ENFANTS-300x148.png 300w, https:\/\/na-niss.com\/wp-content\/uploads\/2025\/01\/ENFANTS-1024x505.png 1024w, https:\/\/na-niss.com\/wp-content\/uploads\/2025\/01\/ENFANTS-18x9.png 18w, https:\/\/na-niss.com\/wp-content\/uploads\/2025\/01\/ENFANTS-600x296.png 600w, https:\/\/na-niss.com\/wp-content\/uploads\/2025\/01\/ENFANTS.png 1103w\" sizes=\"(max-width: 768px) 100vw, 768px\" \/>\t\t\t\t\t\t\t\t\t\t\t\t\t\t\t<\/div>\n\t\t\t\t<\/div>\n\t\t\t\t<\/div>\n\t\t<div class=\"elementor-element elementor-element-798fb03 e-con-full e-flex e-con e-child\" data-id=\"798fb03\" data-element_type=\"container\" data-settings=\"{&quot;content_width&quot;:&quot;full&quot;}\">\n\t\t\t\t<div class=\"elementor-element elementor-element-624d1e0 elementor-widget elementor-widget-heading\" data-id=\"624d1e0\" data-element_type=\"widget\" data-widget_type=\"heading.default\">\n\t\t\t\t<div class=\"elementor-widget-container\">\n\t\t\t<h2 class=\"elementor-heading-title elementor-size-default\">A committed brand\n<br><br><\/h2>\t\t<\/div>\n\t\t\t\t<\/div>\n\t\t\t\t<div class=\"elementor-element elementor-element-07e8e22 elementor-widget elementor-widget-text-editor\" data-id=\"07e8e22\" data-element_type=\"widget\" data-widget_type=\"text-editor.default\">\n\t\t\t\t<div class=\"elementor-widget-container\">\n\t\t\t\t\t\t\t<div dir=\"ltr\"><p><span style=\"font-size: 16px; letter-spacing: 0px; word-spacing: 0em;\">Our commitment goes beyond fashion. We wanted to create a brand that embodies values of support and solidarity. That\u2019s why we donate a portion of our sales to Human Appeal, an organization that helps those in need around the world. By choosing our abayas, you support authentic craftsmanship while contributing to a meaningful cause.<\/span><\/p><\/div><div class=\"gmail-yj6qo gmail-ajU\">Find all of Human Appeal\u2019s actions and projects on their website: humanappeal.fr.<\/div>\t\t\t\t\t\t<\/div>\n\t\t\t\t<\/div>\n\t\t\t\t<\/div>\n\t\t\t\t<\/div>\n\t\t\t\t\t\t\t<\/div>","protected":false},"excerpt":{"rendered":"<p>Qui sommes nous? Nous sommes deux s\u0153urs, passionn\u00e9es de mode et fi\u00e8res de nos racines marocaines. Inspir\u00e9es par la richesse de l\u2019artisanat de notre pays, nous avons voulu cr\u00e9er une marque d\u2019abayas qui c\u00e9l\u00e8bre les femmes en alliant tradition et modernit\u00e9. Nous souhaitions avant tout proposer des designs vari\u00e9s, capables de s\u2019adapter \u00e0 tous les [&hellip;]<\/p>","protected":false},"author":1,"featured_media":0,"parent":0,"menu_order":0,"comment_status":"closed","ping_status":"closed","template":"","meta":{"footnotes":""},"class_list":["post-476","page","type-page","status-publish","hentry","entry","owp-thumbs-layout-horizontal","owp-btn-big","owp-tabs-layout-horizontal","has-no-thumbnails","has-product-nav"],"_links":{"self":[{"href":"https:\/\/na-niss.com\/en\/wp-json\/wp\/v2\/pages\/476","targetHints":{"allow":["GET"]}}],"collection":[{"href":"https:\/\/na-niss.com\/en\/wp-json\/wp\/v2\/pages"}],"about":[{"href":"https:\/\/na-niss.com\/en\/wp-json\/wp\/v2\/types\/page"}],"author":[{"embeddable":true,"href":"https:\/\/na-niss.com\/en\/wp-json\/wp\/v2\/users\/1"}],"replies":[{"embeddable":true,"href":"https:\/\/na-niss.com\/en\/wp-json\/wp\/v2\/comments?post=476"}],"version-history":[{"count":31,"href":"https:\/\/na-niss.com\/en\/wp-json\/wp\/v2\/pages\/476\/revisions"}],"predecessor-version":[{"id":876,"href":"https:\/\/na-niss.com\/en\/wp-json\/wp\/v2\/pages\/476\/revisions\/876"}],"wp:attachment":[{"href":"https:\/\/na-niss.com\/en\/wp-json\/wp\/v2\/media?parent=476"}],"curies":[{"name":"wp","href":"https:\/\/api.w.org\/{rel}","templated":true}]}}