{"id":1098,"date":"2025-02-08T12:50:26","date_gmt":"2025-02-08T12:50:26","guid":{"rendered":"https:\/\/na-niss.com\/?page_id=1098"},"modified":"2025-02-08T13:02:07","modified_gmt":"2025-02-08T13:02:07","slug":"conditions-de-retour","status":"publish","type":"page","link":"https:\/\/na-niss.com\/en\/conditions-de-retour","title":{"rendered":"Conditions de retour"},"content":{"rendered":"<div data-elementor-type=\"wp-page\" data-elementor-id=\"1098\" class=\"elementor elementor-1098\">\n\t\t\t\t\t\t\t<div class=\"elementor-element elementor-element-5cd91d4 e-flex e-con-boxed e-con e-parent\" data-id=\"5cd91d4\" data-element_type=\"container\" data-settings=\"{&quot;content_width&quot;:&quot;boxed&quot;}\" data-core-v316-plus=\"true\">\n\t\t\t\t\t<div class=\"e-con-inner\">\n\t\t\t\t<div class=\"elementor-element elementor-element-2dc57c8 elementor-widget elementor-widget-text-editor\" data-id=\"2dc57c8\" data-element_type=\"widget\" data-widget_type=\"text-editor.default\">\n\t\t\t\t<div class=\"elementor-widget-container\">\n\t\t\t<style>\/*! elementor - v3.17.0 - 08-11-2023 *\/\n.elementor-widget-text-editor.elementor-drop-cap-view-stacked .elementor-drop-cap{background-color:#69727d;color:#fff}.elementor-widget-text-editor.elementor-drop-cap-view-framed .elementor-drop-cap{color:#69727d;border:3px solid;background-color:transparent}.elementor-widget-text-editor:not(.elementor-drop-cap-view-default) .elementor-drop-cap{margin-top:8px}.elementor-widget-text-editor:not(.elementor-drop-cap-view-default) .elementor-drop-cap-letter{width:1em;height:1em}.elementor-widget-text-editor .elementor-drop-cap{float:left;text-align:center;line-height:1;font-size:50px}.elementor-widget-text-editor .elementor-drop-cap-letter{display:inline-block}<\/style>\t\t\t\t<p class=\"font_8\">Vous disposez d&#8217;un d\u00e9lai de quatorze jours, \u00e0 compter de la r\u00e9ception des produits, pour exercer votre droit de r\u00e9tractation sans avoir \u00e0 justifier de motifs ni \u00e0 payer de p\u00e9nalit\u00e9s, \u00e0 l&#8217;exception, le cas \u00e9ch\u00e9ant, des frais de retours.<\/p><p class=\"font_8\">Les articles seront rembours\u00e9s si et seulement si ils sont renvoy\u00e9s dans le m\u00eame \u00e9tat. Dans le cas contraire, le remboursement ou \u00e9change sera refus\u00e9 et les frais de renvois seront \u00e0 la charge du client.<\/p><p class=\"font_8\"><span class=\"wixGuard\">&#8211; \u200bLes retours se font via Mondial Relay \u00e0 votre charge. Vous pouvez consulter les tarifs en vigueur pour Mondial Relay\u00a0 sur internet. Les frais varient en fonction du poids du colis.<\/span><\/p><p class=\"font_8\"><span class=\"wixGuard\">&#8211; La soci\u00e9t\u00e9 n&#8217;est pas responsable en cas de perte ou d\u00e9t\u00e9rioration des colis retourn\u00e9s.\u00a0<\/span><\/p><p class=\"font_8\"><span class=\"wixGuard\">&#8211;\u00a0Merci de nous contacter via la rubrique contact du site internet pour obtenir l&#8217;adresse d&#8217;exp\u00e9dition pour les colis.\u00a0<\/span><\/p><p>MOD\u00c8LE DE FORMULAIRE DE RETRACTATION<\/p><p>Veuillez imprimer et compl\u00e9ter le pr\u00e9sent formulaire si vous souhaitez retourner un produit. Pensez bien \u00e0 joindre ce formulaire compl\u00e9t\u00e9 \u00e0 votre colis de retour.<\/p><p>A l&#8217;attention de &#8230;, adresse &#8230; mail &#8230;<\/p><p>Je vous notifie par la pr\u00e9sente ma r\u00e9tractation du contrat portant sur la vente ci-dessous :<\/p><p>N\u00b0 de commande \u2026\u2026.<\/p><p>R\u00e9f\u00e9rence de l\u2019article faisant l\u2019objet de la r\u00e9tractation \u2026\u2026\u2026\u2026<\/p><p>Nom et pr\u00e9nom du client\u00a0 \u00a0\u2026\u2026.<\/p><p>Adresse du client\u00a0 \u2026\u2026..<\/p><p>N\u00b0 de t\u00e9l\u00e9phone du client\u00a0 \u2026\u2026&#8230;<\/p><p>Adresse \u00e9lectronique du client\u00a0 \u2026\u2026..<\/p><p>\u00a0Date :<\/p><p>Signature :<\/p>\t\t\t\t\t\t<\/div>\n\t\t\t\t<\/div>\n\t\t\t\t\t<\/div>\n\t\t\t\t<\/div>\n\t\t\t\t\t\t\t<\/div>","protected":false},"excerpt":{"rendered":"<p>Vous disposez d&#8217;un d\u00e9lai de quatorze jours, \u00e0 compter de la r\u00e9ception des produits, pour exercer votre droit de r\u00e9tractation sans avoir \u00e0 justifier de motifs ni \u00e0 payer de p\u00e9nalit\u00e9s, \u00e0 l&#8217;exception, le cas \u00e9ch\u00e9ant, des frais de retours. Les articles seront rembours\u00e9s si et seulement si ils sont renvoy\u00e9s dans le m\u00eame \u00e9tat. [&hellip;]<\/p>","protected":false},"author":1,"featured_media":0,"parent":0,"menu_order":0,"comment_status":"closed","ping_status":"closed","template":"","meta":{"footnotes":""},"class_list":["post-1098","page","type-page","status-publish","hentry","entry","owp-thumbs-layout-horizontal","owp-btn-big","owp-tabs-layout-horizontal","has-no-thumbnails","has-product-nav"],"_links":{"self":[{"href":"https:\/\/na-niss.com\/en\/wp-json\/wp\/v2\/pages\/1098","targetHints":{"allow":["GET"]}}],"collection":[{"href":"https:\/\/na-niss.com\/en\/wp-json\/wp\/v2\/pages"}],"about":[{"href":"https:\/\/na-niss.com\/en\/wp-json\/wp\/v2\/types\/page"}],"author":[{"embeddable":true,"href":"https:\/\/na-niss.com\/en\/wp-json\/wp\/v2\/users\/1"}],"replies":[{"embeddable":true,"href":"https:\/\/na-niss.com\/en\/wp-json\/wp\/v2\/comments?post=1098"}],"version-history":[{"count":7,"href":"https:\/\/na-niss.com\/en\/wp-json\/wp\/v2\/pages\/1098\/revisions"}],"predecessor-version":[{"id":1107,"href":"https:\/\/na-niss.com\/en\/wp-json\/wp\/v2\/pages\/1098\/revisions\/1107"}],"wp:attachment":[{"href":"https:\/\/na-niss.com\/en\/wp-json\/wp\/v2\/media?parent=1098"}],"curies":[{"name":"wp","href":"https:\/\/api.w.org\/{rel}","templated":true}]}}